{"id":2493,"date":"2025-08-30T14:51:59","date_gmt":"2025-08-30T12:51:59","guid":{"rendered":"https:\/\/polska-odnowa.com.pl\/?page_id=2493"},"modified":"2025-08-30T14:51:59","modified_gmt":"2025-08-30T12:51:59","slug":"wspolnoty","status":"publish","type":"page","link":"https:\/\/polska-odnowa.com.pl\/?page_id=2493","title":{"rendered":"Wsp\u00f3lnoty"},"content":{"rendered":"<p><div class=\"fusion-fullwidth fullwidth-box fusion-builder-row-1 fusion-flex-container has-pattern-background has-mask-background fusion-parallax-none hundred-percent-fullwidth non-hundred-percent-height-scrolling lazyload\" style=\"--awb-border-radius-top-left:0px;--awb-border-radius-top-right:0px;--awb-border-radius-bottom-right:0px;--awb-border-radius-bottom-left:0px;--awb-padding-right:0px;--awb-padding-left:0px;--awb-margin-bottom:0px;--awb-background-color:var(--awb-color2);--awb-background-size:cover;--awb-flex-wrap:wrap;\" data-bg=\"https:\/\/polska-odnowa.com.pl\/wp-content\/uploads\/2025\/05\/niebieski.png\" ><div class=\"fusion-builder-row fusion-row fusion-flex-align-items-stretch fusion-flex-content-wrap\" style=\"width:calc( 100% + 0px ) !important;max-width:calc( 100% + 0px ) !important;margin-left: calc(-0px \/ 2 );margin-right: calc(-0px \/ 2 );\"><div class=\"fusion-layout-column fusion_builder_column fusion-builder-column-0 fusion-flex-column fusion-no-small-visibility fusion-no-medium-visibility fusion-animated\" style=\"--awb-padding-top:110px;--awb-padding-right:110px;--awb-padding-bottom:110px;--awb-padding-left:20%;--awb-padding-top-medium:75px;--awb-padding-bottom-medium:75px;--awb-padding-top-small:60px;--awb-padding-right-small:60px;--awb-padding-bottom-small:60px;--awb-padding-left-small:60px;--awb-bg-size:cover;--awb-border-color:hsla(var(--awb-color2-h),calc(var(--awb-color2-s) - 30%),calc(var(--awb-color2-l) - 10%),var(--awb-color2-a));--awb-border-top:1px;--awb-border-style:solid;--awb-width-large:45%;--awb-margin-top-large:0px;--awb-spacing-right-large:0px;--awb-margin-bottom-large:0px;--awb-spacing-left-large:0px;--awb-width-medium:100%;--awb-order-medium:0;--awb-spacing-right-medium:0px;--awb-spacing-left-medium:0px;--awb-width-small:100%;--awb-order-small:0;--awb-spacing-right-small:0px;--awb-spacing-left-small:0px;\" data-animationType=\"fadeInLeft\" data-animationDuration=\"0.6\" data-animationOffset=\"top-into-view\"><div class=\"fusion-column-wrapper fusion-column-has-shadow fusion-flex-justify-content-flex-start fusion-content-layout-column\"><div class=\"fusion-text fusion-text-1\" style=\"--awb-font-size:var(--awb-typography2-font-size);--awb-line-height:var(--awb-typography2-line-height);--awb-letter-spacing:var(--awb-typography2-letter-spacing);--awb-text-transform:var(--awb-typography2-text-transform);--awb-text-color:var(--awb-color5);--awb-text-font-family:var(--awb-typography2-font-family);--awb-text-font-weight:var(--awb-typography2-font-weight);--awb-text-font-style:var(--awb-typography2-font-style);\"><p>Odnowa DE<\/p>\n<\/div><div class=\"fusion-title title fusion-title-1 fusion-no-small-visibility fusion-sep-none fusion-title-text fusion-title-size-one\" style=\"--awb-margin-top:0px;--awb-margin-bottom:25px;--awb-margin-top-small:0px;\"><h1 class=\"fusion-title-heading title-heading-left\" style=\"margin:0;\">Wsp\u00f3lnoty<\/h1><\/div><div class=\"fusion-title title fusion-title-2 fusion-no-medium-visibility fusion-no-large-visibility fusion-sep-none fusion-title-text fusion-title-size-one\" style=\"--awb-margin-top:0px;--awb-margin-bottom:20px;--awb-margin-top-small:0px;--awb-font-size:40px;\"><h1 class=\"fusion-title-heading title-heading-left\" style=\"margin:0;font-size:1em;\">Your Journey to a Fulfilling Life<\/h1><\/div><div class=\"fusion-text fusion-text-2 fusion-text-no-margin\" style=\"--awb-margin-right:15%;--awb-margin-bottom:40px;\"><p>Poni\u017cej znajdziesz list\u0119 wsp\u00f3lnot w Niemczech i krajach Beneluxu. Znajd\u017a wsp\u00f3lnot\u0119 w okolicy i do\u0142\u0105cz!<\/p>\n<\/div><\/div><\/div><div class=\"fusion-layout-column fusion_builder_column fusion-builder-column-1 fusion-flex-column fusion-no-large-visibility fusion-animated\" style=\"--awb-padding-top:110px;--awb-padding-right:110px;--awb-padding-bottom:110px;--awb-padding-left:20%;--awb-padding-top-medium:75px;--awb-padding-bottom-medium:75px;--awb-padding-top-small:60px;--awb-padding-right-small:60px;--awb-padding-bottom-small:60px;--awb-padding-left-small:60px;--awb-bg-color:var(--awb-color2);--awb-bg-color-hover:var(--awb-color2);--awb-bg-size:cover;--awb-border-color:hsla(var(--awb-color2-h),calc(var(--awb-color2-s) - 30%),calc(var(--awb-color2-l) - 10%),var(--awb-color2-a));--awb-border-top:1px;--awb-border-style:solid;--awb-width-large:45%;--awb-margin-top-large:0px;--awb-spacing-right-large:0px;--awb-margin-bottom-large:0px;--awb-spacing-left-large:0px;--awb-width-medium:100%;--awb-order-medium:2;--awb-spacing-right-medium:0px;--awb-spacing-left-medium:0px;--awb-width-small:100%;--awb-order-small:2;--awb-spacing-right-small:0px;--awb-spacing-left-small:0px;\" data-animationType=\"fadeInLeft\" data-animationDuration=\"0.6\" data-animationOffset=\"top-into-view\"><div class=\"fusion-column-wrapper fusion-column-has-shadow fusion-flex-justify-content-flex-start fusion-content-layout-column\"><div class=\"fusion-text fusion-text-3\" style=\"--awb-font-size:var(--awb-typography2-font-size);--awb-line-height:var(--awb-typography2-line-height);--awb-letter-spacing:var(--awb-typography2-letter-spacing);--awb-text-transform:var(--awb-typography2-text-transform);--awb-text-color:var(--awb-color5);--awb-text-font-family:var(--awb-typography2-font-family);--awb-text-font-weight:var(--awb-typography2-font-weight);--awb-text-font-style:var(--awb-typography2-font-style);\"><p>Services<\/p>\n<\/div><div class=\"fusion-title title fusion-title-3 fusion-no-small-visibility fusion-sep-none fusion-title-text fusion-title-size-one\" style=\"--awb-margin-top:0px;--awb-margin-bottom:25px;--awb-margin-top-small:0px;\"><h1 class=\"fusion-title-heading title-heading-left\" style=\"margin:0;\">Career Coaching<\/h1><\/div><div class=\"fusion-title title fusion-title-4 fusion-no-medium-visibility fusion-no-large-visibility fusion-sep-none fusion-title-text fusion-title-size-one\" style=\"--awb-margin-top:0px;--awb-margin-bottom:20px;--awb-margin-top-small:0px;--awb-font-size:40px;\"><h1 class=\"fusion-title-heading title-heading-left\" style=\"margin:0;font-size:1em;\">Career Coaching<\/h1><\/div><div class=\"fusion-text fusion-text-4 fusion-text-no-margin\" style=\"--awb-margin-right:15%;\"><p>Transform your life and achieve your goals with professional and personalized support.<\/p>\n<\/div><\/div><\/div><div class=\"fusion-layout-column fusion_builder_column fusion-builder-column-2 fusion-flex-column fusion-animated\" style=\"--awb-bg-position:center center;--awb-bg-size:cover;--awb-width-large:55%;--awb-margin-top-large:0px;--awb-spacing-right-large:0px;--awb-margin-bottom-large:0px;--awb-spacing-left-large:0px;--awb-width-medium:100%;--awb-order-medium:1;--awb-spacing-right-medium:0px;--awb-spacing-left-medium:0px;--awb-width-small:100%;--awb-order-small:1;--awb-spacing-right-small:0px;--awb-spacing-left-small:0px;\" data-animationType=\"fadeInRight\" data-animationDuration=\"0.9\" data-animationOffset=\"top-into-view\"><div class=\"fusion-column-wrapper lazyload fusion-column-has-shadow fusion-flex-justify-content-flex-end fusion-content-layout-column fusion-column-has-bg-image\" data-bg-url=\"https:\/\/polska-odnowa.com.pl\/wp-content\/uploads\/2025\/08\/2147837110.jpg\" data-bg=\"https:\/\/polska-odnowa.com.pl\/wp-content\/uploads\/2025\/08\/2147837110.jpg\"><div class=\"fusion-separator fusion-no-large-visibility fusion-full-width-sep\" style=\"align-self: center;margin-left: auto;margin-right: auto;margin-bottom:12vw;width:100%;\"><\/div><div class=\"fusion-separator fusion-no-large-visibility fusion-full-width-sep\" style=\"align-self: center;margin-left: auto;margin-right: auto;margin-top:18vw;width:100%;\"><\/div><\/div><\/div><\/div><\/div><div class=\"fusion-fullwidth fullwidth-box fusion-builder-row-2 fusion-flex-container has-pattern-background has-mask-background nonhundred-percent-fullwidth non-hundred-percent-height-scrolling\" style=\"--awb-border-radius-top-left:0px;--awb-border-radius-top-right:0px;--awb-border-radius-bottom-right:0px;--awb-border-radius-bottom-left:0px;--awb-padding-top:70px;--awb-flex-wrap:wrap;\" ><div class=\"fusion-builder-row fusion-row fusion-flex-align-items-flex-start fusion-flex-content-wrap\" style=\"max-width:1248px;margin-left: calc(-4% \/ 2 );margin-right: calc(-4% \/ 2 );\"><div class=\"fusion-layout-column fusion_builder_column fusion-builder-column-3 fusion_builder_column_1_1 1_1 fusion-flex-column\" style=\"--awb-bg-size:cover;--awb-width-large:100%;--awb-margin-top-large:0px;--awb-spacing-right-large:1.92%;--awb-margin-bottom-large:20px;--awb-spacing-left-large:1.92%;--awb-width-medium:100%;--awb-order-medium:0;--awb-spacing-right-medium:1.92%;--awb-spacing-left-medium:1.92%;--awb-width-small:100%;--awb-order-small:0;--awb-spacing-right-small:1.92%;--awb-spacing-left-small:1.92%;\"><div class=\"fusion-column-wrapper fusion-column-has-shadow fusion-flex-justify-content-flex-start fusion-content-layout-column\"><div class=\"fusion-tabs fusion-tabs-1 classic vertical-tabs icon-position-left mobile-mode-accordion\" style=\"--awb-margin-top:20px;--awb-title-border-radius-top-left:0px;--awb-title-border-radius-top-right:0px;--awb-title-border-radius-bottom-right:0px;--awb-title-border-radius-bottom-left:0px;--awb-content-padding-top:10px;--awb-content-padding-right:60px;--awb-content-padding-bottom:35px;--awb-content-padding-left:60px;--awb-title-padding-top:35px;--awb-title-padding-right:60px;--awb-title-padding-bottom:35px;--awb-title-padding-left:60px;--awb-title-font-size:21px;--awb-title-text-transform:var(--awb-typography1-text-transform);--awb-title-line-height:var(--awb-typography1-line-height);--awb-title-letter-spacing:var(--awb-typography1-letter-spacing);--awb-alignment:start;--awb-inactive-color:hsla(var(--awb-color2-h),var(--awb-color2-s),calc(var(--awb-color2-l) + 2%),var(--awb-color2-a));--awb-title-text-color:var(--awb-color8);--awb-title-active-text-color:var(--awb-color8);--awb-background-color:var(--awb-color1);--awb-border-color:var(--awb-color2);--awb-active-border-color:var(--awb-color4);--awb-title-font-family:var(--awb-typography1-font-family);--awb-title-font-weight:var(--awb-typography1-font-weight);--awb-title-font-style:var(--awb-typography1-font-style);\"><div class=\"nav\"><ul class=\"nav-tabs\" role=\"tablist\"><li class=\"active\" role=\"presentation\"><a class=\"tab-link\" data-toggle=\"tab\" role=\"tab\" aria-controls=\"tab-b04a170fdbe66cdafce\" aria-selected=\"true\" id=\"fusion-tab-diakoniapo\u0142udniede\" href=\"#tab-b04a170fdbe66cdafce\"><h5 class=\"fusion-tab-heading\"><i class=\"fontawesome-icon icon-ui-home\" aria-hidden=\"true\" style=\"font-size:22px; --icon-color:var(--awb-color7);--icon-active-color:var(--awb-color4);\"><\/i>Diakonia po\u0142udnie DE<\/h5><\/a><\/li><li role=\"presentation\"><a class=\"tab-link\" data-toggle=\"tab\" role=\"tab\" aria-controls=\"tab-abcb5c93b3d4d537ed1\" aria-selected=\"false\" tabindex=\"-1\" id=\"fusion-tab-diakoniap\u00f3\u0142n.-zach.de\/nl\" href=\"#tab-abcb5c93b3d4d537ed1\"><h5 class=\"fusion-tab-heading\"><i class=\"fontawesome-icon icon-ui-stats\" aria-hidden=\"true\" style=\"font-size:22px; --icon-color:var(--awb-color7);--icon-active-color:var(--awb-color4);\"><\/i>Diakonia P\u00f3\u0142n. - Zach. DE\/NL<\/h5><\/a><\/li><li role=\"presentation\"><a class=\"tab-link\" data-toggle=\"tab\" role=\"tab\" aria-controls=\"tab-7ecb136e356d63b76a6\" aria-selected=\"false\" tabindex=\"-1\" id=\"fusion-tab-diakoniafr\/lux\/be\" href=\"#tab-7ecb136e356d63b76a6\"><h5 class=\"fusion-tab-heading\"><i class=\"fontawesome-icon icon-ui-settings\" aria-hidden=\"true\" style=\"font-size:22px; --icon-color:var(--awb-color7);--icon-active-color:var(--awb-color4);\"><\/i>Diakonia FR\/LUX\/BE<\/h5><\/a><\/li><\/ul><\/div><div class=\"tab-content\"><div class=\"nav fusion-mobile-tab-nav\"><ul class=\"nav-tabs\" role=\"tablist\"><li class=\"active\" role=\"presentation\"><a class=\"tab-link\" data-toggle=\"tab\" role=\"tab\" aria-controls=\"tab-b04a170fdbe66cdafce\" aria-selected=\"true\" id=\"mobile-fusion-tab-diakoniapo\u0142udniede\" href=\"#tab-b04a170fdbe66cdafce\"><h5 class=\"fusion-tab-heading\"><i class=\"fontawesome-icon icon-ui-home\" aria-hidden=\"true\" style=\"font-size:22px; --icon-color:var(--awb-color7);--icon-active-color:var(--awb-color4);\"><\/i>Diakonia po\u0142udnie DE<\/h5><\/a><\/li><\/ul><\/div><div class=\"tab-pane fade fusion-clearfix in active\" role=\"tabpanel\" tabindex=\"0\" aria-labelledby=\"fusion-tab-diakoniapo\u0142udniede\" id=\"tab-b04a170fdbe66cdafce\">\n<ol>\n<li><strong>Drezno<\/strong>, wsp\u00f3lnota Emmanuel<br \/>\n<strong>Lider<\/strong>: Barbara Kunze, 08922844050Spotkania odbywaj\u0105 si\u0119 w ka\u017cdy poniedzia\u0142ek o godz. 19:00<\/p>\n<p><em>PMK Drezno Wittenberger Str. 88 01277 Dresden<\/em><\/li>\n<li><strong>M\u00fcnchen<\/strong>, wsp\u00f3lnota Effatha<br \/>\n<strong>Lider<\/strong>: Joanna Horbacz, 015758511306,wmbmp.muc@gmail.comSpotkania odbywaj\u0105 si\u0119 w ka\u017cd\u0105 \u015brod\u0119 o godz. 19:00<br \/>\nKr\u0105g biblijny spotkania w poniedzia\u0142ki po Mszy \u015aw. o godz. 19:00<\/p>\n<p><em>PMK M\u00fcnchen, He\u00dfstr. 24, 80799 M\u00fcnchen<\/em><\/li>\n<li><strong>Freiburg<\/strong>, wsp\u00f3lnota Mater Ecclesiae<br \/>\n<strong>Lider<\/strong>: Halina Lizon, 017687921731Spotkania odbywaj\u0105 si\u0119 w ka\u017cdy wtorek po Mszy \u015bw. o godz. 18:30<\/p>\n<p><em>PMK Freiburg, Carl-Kistner-Str. 49, 79115 Freiburg im Breisgau<\/em><\/li>\n<li><strong>Mannheim<\/strong>, wsp\u00f3lnota\u00a0Odnowy w Duchu \u015awi\u0119tym<br \/>\n<strong>Lider<\/strong>: Jan Chmielewski, 015202024282, janwlo@gmx.deSpotkania odbywaj\u0105 si\u0119 w ka\u017cdy pi\u0105tek po Mszy \u015bw. o godz. 18:30<\/p>\n<p><em>PMK Mannheim, St.\u00a0 Matth\u00e4us-Spitalkirche, 68159 Mannheim, E6, 2<\/em><\/li>\n<li><strong>Karlsruhe<\/strong>, wsp\u00f3lnota Adonai<br \/>\n<strong>Lider<\/strong>: -Spotkania odbywaj\u0105 si\u0119 w co drugi pi\u0105tek po Mszy \u015bw. o godz. 18:00<\/p>\n<p><em>PMK Karlsruhe, S\u00fcdendstr. 39, 76137 Karlsruhe<\/em><\/li>\n<li><strong>Baden-Baden<\/strong>, wsp\u00f3lnota Effatha<br \/>\n<strong>Lider<\/strong>: Wies\u0142awa Surmacz, 015750498759Spotkania odbywaj\u0105 si\u0119 w co drug\u0105 \u015brod\u0119 po Mszy \u015bw. o godz. 18:00<br \/>\nSpotkania r\u00f3wnie\u017c on-line w ka\u017cdy poniedzia\u0142ek o godz. 20:00 przez WhatsUp<\/p>\n<p><em>PMK Karlsruhe, S\u00fcdendstr. 39, 76137 Karlsruhe<\/em><\/li>\n<\/ol>\n<\/div><div class=\"nav fusion-mobile-tab-nav\"><ul class=\"nav-tabs\" role=\"tablist\"><li role=\"presentation\"><a class=\"tab-link\" data-toggle=\"tab\" role=\"tab\" aria-controls=\"tab-abcb5c93b3d4d537ed1\" aria-selected=\"false\" tabindex=\"-1\" id=\"mobile-fusion-tab-diakoniap\u00f3\u0142n.-zach.de\/nl\" href=\"#tab-abcb5c93b3d4d537ed1\"><h5 class=\"fusion-tab-heading\"><i class=\"fontawesome-icon icon-ui-stats\" aria-hidden=\"true\" style=\"font-size:22px; --icon-color:var(--awb-color7);--icon-active-color:var(--awb-color4);\"><\/i>Diakonia P\u00f3\u0142n. - Zach. DE\/NL<\/h5><\/a><\/li><\/ul><\/div><div class=\"tab-pane fade fusion-clearfix\" role=\"tabpanel\" tabindex=\"0\" aria-labelledby=\"fusion-tab-diakoniap\u00f3\u0142n.-zach.de\/nl\" id=\"tab-abcb5c93b3d4d537ed1\">\n<p>Lista wkr\u00f3tce zostanie zaktualizowana.<\/p>\n<\/div><div class=\"nav fusion-mobile-tab-nav\"><ul class=\"nav-tabs\" role=\"tablist\"><li role=\"presentation\"><a class=\"tab-link\" data-toggle=\"tab\" role=\"tab\" aria-controls=\"tab-7ecb136e356d63b76a6\" aria-selected=\"false\" tabindex=\"-1\" id=\"mobile-fusion-tab-diakoniafr\/lux\/be\" href=\"#tab-7ecb136e356d63b76a6\"><h5 class=\"fusion-tab-heading\"><i class=\"fontawesome-icon icon-ui-settings\" aria-hidden=\"true\" style=\"font-size:22px; --icon-color:var(--awb-color7);--icon-active-color:var(--awb-color4);\"><\/i>Diakonia FR\/LUX\/BE<\/h5><\/a><\/li><\/ul><\/div><div class=\"tab-pane fade fusion-clearfix\" role=\"tabpanel\" tabindex=\"0\" aria-labelledby=\"fusion-tab-diakoniafr\/lux\/be\" id=\"tab-7ecb136e356d63b76a6\">\n<p>Lista wkr\u00f3tce zostanie zaktualizowana.<\/p>\n<\/div><\/div><\/div><\/div><\/div><\/div><\/div><\/p>\n","protected":false},"excerpt":{"rendered":"","protected":false},"author":1,"featured_media":0,"parent":0,"menu_order":0,"comment_status":"closed","ping_status":"closed","template":"100-width.php","meta":{"footnotes":""},"class_list":["post-2493","page","type-page","status-publish","hentry"],"_links":{"self":[{"href":"https:\/\/polska-odnowa.com.pl\/index.php?rest_route=\/wp\/v2\/pages\/2493","targetHints":{"allow":["GET"]}}],"collection":[{"href":"https:\/\/polska-odnowa.com.pl\/index.php?rest_route=\/wp\/v2\/pages"}],"about":[{"href":"https:\/\/polska-odnowa.com.pl\/index.php?rest_route=\/wp\/v2\/types\/page"}],"author":[{"embeddable":true,"href":"https:\/\/polska-odnowa.com.pl\/index.php?rest_route=\/wp\/v2\/users\/1"}],"replies":[{"embeddable":true,"href":"https:\/\/polska-odnowa.com.pl\/index.php?rest_route=%2Fwp%2Fv2%2Fcomments&post=2493"}],"version-history":[{"count":23,"href":"https:\/\/polska-odnowa.com.pl\/index.php?rest_route=\/wp\/v2\/pages\/2493\/revisions"}],"predecessor-version":[{"id":2758,"href":"https:\/\/polska-odnowa.com.pl\/index.php?rest_route=\/wp\/v2\/pages\/2493\/revisions\/2758"}],"wp:attachment":[{"href":"https:\/\/polska-odnowa.com.pl\/index.php?rest_route=%2Fwp%2Fv2%2Fmedia&parent=2493"}],"curies":[{"name":"wp","href":"https:\/\/api.w.org\/{rel}","templated":true}]}}