{"id":3,"date":"2025-04-27T22:40:52","date_gmt":"2025-04-27T20:40:52","guid":{"rendered":"https:\/\/polska-odnowa.com.pl\/?page_id=3"},"modified":"2025-05-13T20:30:37","modified_gmt":"2025-05-13T18:30:37","slug":"polityka-prywatnosci","status":"publish","type":"page","link":"https:\/\/polska-odnowa.com.pl\/?page_id=3","title":{"rendered":"Polityka prywatno\u015bci"},"content":{"rendered":"\r\n<p><strong>POLITYKA PRYWATNO\u015aCI \u2013 Stowarzyszenie dla Wspierania Odnowy w Duchu \u015awi\u0119tym we Wsp\u00f3lnotach Polskoj\u0119zycznych w Niemczech<\/strong><\/p>\r\n<p>&nbsp;<\/p>\r\n<ul>\r\n<li><strong>1. POSTANOWIENIA OG\u00d3LNE<\/strong><\/li>\r\n<\/ul>\r\n<ol>\r\n<li>Nasza firma przywi\u0105zuje ogromn\u0105 wag\u0119 do realizacji polityki prywatno\u015bci. Ograniczamy zbieranie i wykorzystanie danych o u\u017cytkownikach do minimum pozwalaj\u0105c na w\u0142a\u015bciwe \u015bwiadczenie us\u0142ug.<\/li>\r\n<li>Administratorem danych osobowych zbieranych za po\u015brednictwem strony internetowej: http:\/\/odnowa.de, jest Stowarzyszenie dla Wspierania Odnowy w Duchu \u015awi\u0119tym we Wsp\u00f3lnotach Polskoj\u0119zycznych w Niemczech, adres poczty elektronicznej: sekretariat@odnowa.de dalej \u201eAdministrator\u201d, b\u0119d\u0105ca jednocze\u015bnie Us\u0142ugodawc\u0105.<\/li>\r\n<li>W przypadku jakichkolwiek w\u0105tpliwo\u015bci jak r\u00f3wnie\u017c z wnioskami dotycz\u0105cymi woli skorzystania z przys\u0142uguj\u0105cych Pa\u0144stwu praw, prosimy o kontakt z naszym ABI \/ IOD na adres sekretariat@odnowa.de.<\/li>\r\n<li>Pa\u0144stwa dane osobowe s\u0105 przetwarzane zgodnie z ustaw\u0105 o ochronie danych osobowych z dnia 29 sierpnia 1997 r. (Dz. U. 2016, poz. 922) oraz ustaw\u0105 o \u015bwiadczeniu us\u0142ug drog\u0105 elektroniczn\u0105 z dnia 18 lipca 2002 r. (Dz. U. Nr 144, poz. 1204 ze zm.).<\/li>\r\n<li>W logach serwer\u00f3w gromadzimy tak\u017ce informacje o adresach IP komputer\u00f3w, z kt\u00f3rych \u0142\u0105cz\u0105 si\u0119 do nas nasi u\u017cytkownicy. Adresy IP wykorzystujemy podczas analizy funkcjonowania serwer\u00f3w, pr\u00f3b narusze\u0144 bezpiecze\u0144stwa itp, a tak\u017ce w celach zwi\u0105zanych z analiz\u0105 ruchu (informacje o regionach oraz operatorach, z kt\u00f3rych nast\u0119puj\u0105 po\u0142\u0105czenia). W \u015bwietle art. 18 ust. 5 ustawy z dnia 18 lipca 2002 r. o \u015bwiadczeniu us\u0142ug drog\u0105 elektroniczn\u0105 (Dz. U. Nr 144, poz. 1204), mo\u017cemy zosta\u0107 zobowi\u0105zani do wydania informacji zawartych w logach dost\u0119powych, w tym w szczeg\u00f3lno\u015bci adres\u00f3w IP komputera, na \u017c\u0105danie uprawnionych na podstawie prawa organ\u00f3w pa\u0144stwa na potrzeby prowadzonych przez nie post\u0119powa\u0144.<\/li>\r\n<li>W naszej firmie podj\u0119li\u015bmy r\u00f3wnie\u017c dzia\u0142ania, w celu uzyskania pe\u0142nej zgodno\u015bci naszych praktyk z postanowieniami Rozporz\u0105dzenia Parlamentu Europejskiego i Rady (UE) 2016\/679 z dnia 27 kwietnia 2016 r. w sprawie ochrony os\u00f3b fizycznych w zwi\u0105zku z przetwarzaniem danych osobowych i w sprawie swobodnego przep\u0142ywu takich danych oraz uchylenia dyrektywy 95\/46\/WE (RODO \/ GDPR).<\/li>\r\n<li>Dok\u0142adamy szczeg\u00f3lnej staranno\u015bci w celu ochrony interes\u00f3w os\u00f3b, kt\u00f3rych dane dotycz\u0105, a w szczeg\u00f3lno\u015bci zapewnia, \u017ce zbierane przez niego dane s\u0105:\r\n<ol>\r\n<li>przetwarzane zgodnie z prawem,<\/li>\r\n<li>zbierane dla oznaczonych, zgodnych z prawem cel\u00f3w i niepoddawane dalszemu przetwarzaniu niezgodnemu z tymi celami,<\/li>\r\n<li>merytorycznie poprawne i adekwatne w stosunku do cel\u00f3w, w jakich s\u0105 przetwarzane oraz przechowywane w postaci umo\u017cliwiaj\u0105cej identyfikacj\u0119 os\u00f3b, kt\u00f3rych dotycz\u0105, nie d\u0142u\u017cej ni\u017c jest to niezb\u0119dne do osi\u0105gni\u0119cia celu przetwarzania.<\/li>\r\n<\/ol>\r\n<\/li>\r\n<\/ol>\r\n<p><strong>\u00a0<\/strong><\/p>\r\n<ul>\r\n<li><strong>2.Rodzaj przetwarzanych danych, cele oraz podstawa prawna<\/strong><\/li>\r\n<\/ul>\r\n<ol>\r\n<li>\u00a0\u00a0\u00a0\u00a0\u00a0\u00a0\u00a0\u00a0 Odnowa.de\u00a0 zbiera informacje dotycz\u0105ce os\u00f3b fizycznych dokonuj\u0105cych czynno\u015bci prawnej niezwi\u0105zanej bezpo\u015brednio z ich dzia\u0142alno\u015bci\u0105, os\u00f3b fizycznych prowadz\u0105cych we w\u0142asnym imieniu dzia\u0142alno\u015b\u0107 gospodarcz\u0105 lub zawodow\u0105 oraz os\u00f3b fizycznych reprezentuj\u0105cych osoby prawne lub jednostki organizacyjne nieb\u0119d\u0105ce osobami prawnymi, kt\u00f3rym ustawa przyznaje zdolno\u015b\u0107 prawn\u0105, zwanych dalej \u0142\u0105cznie Klientami.<\/li>\r\n<li>\u00a0<\/li>\r\n<\/ol>\r\n<ul>\r\n<li><strong>3. CEL I ZAKRES ZBIERANIA DANYCH ORAZ PODSTAWA PRAWNA TYCH DZIA\u0141A\u0143<\/strong><\/li>\r\n<\/ul>\r\n<ol>\r\n<li>Pa\u0144stwa dane osobowe przetwarzane s\u0105 w dw\u00f3ch celach:\r\n<ol>\r\n<li>udzielania odpowiedzi na Pa\u0144stwa zapytania kierowane przez formularz kontaktowy \u2013 podstaw\u0105 prawn\u0105 tych dzia\u0142a\u0144 jest zasada, kt\u00f3ra m\u00f3wi, \u017ce przetwarzanie danych jest dozwolone je\u017celi jest niezb\u0119dne do realizacji lub zawarcia umowy,<\/li>\r\n<li>wysy\u0142ania ofert oraz innych tre\u015bci marketingowych i promocyjnych \u2013 podstaw\u0105 prawn\u0105 tych dzia\u0142a\u0144 jest Pa\u0144stwa zgoda wyra\u017cana pod formularzem kontaktowym, formularzem zapisu na konsultacje On-line, lub formularzem dotycz\u0105cym zapisu na warsztaty lub inne wydarzenia.<\/li>\r\n<\/ol>\r\n<\/li>\r\n<li>Przetwarzamy nast\u0119puj\u0105cy zakres Pa\u0144stwa danych:<\/li>\r\n<\/ol>\r\n<ol>\r\n<li>Imi\u0119 i Nazwisko,<\/li>\r\n<li>adres e-mail,<\/li>\r\n<li>numer telefonu,<\/li>\r\n<li>miasto,<\/li>\r\n<li>imi\u0119 i nazwisko osobowy towarzysz\u0105cej je\u017celi klient wpisze,<\/li>\r\n<li>imiona dzieci je\u017celi klient wpisze.<\/li>\r\n<\/ol>\r\n<p>Przy sk\u0142adaniu zam\u00f3wienia na Forum Charyzmatyczne u\u017cytkownik b\u0119dzie p\u0142aci\u0107 przy pomocy us\u0142ugi Paypal i innych dost\u0119pnych operator\u00f3w, w tym przypadku b\u0119d\u0105 zbierane takie dane jak:<\/p>\r\n<ol>\r\n<li>id transakcji<\/li>\r\n<li>kod banku<\/li>\r\n<li>BIC<\/li>\r\n<li>IBAN 4 ostatnie znaki<\/li>\r\n<\/ol>\r\n<ol>\r\n<li>Nie zbieramy o Pa\u0144stwu dodatkowych informacji z innych \u017ar\u00f3de\u0142. Nie jeste\u015bcie Pa\u0144stwo profilowani, co oznacza, \u017ce Pa\u0144stwa dane nie s\u0105 przetwarzane w zautomatyzowany spos\u00f3b w celu okre\u015blenia (estymowania) Pa\u0144stwa potrzeb ani cech osobowo\u015bciowych.<\/li>\r\n<li>Nie sprzedajemy danych osobowych, nie udost\u0119pniamy ich innym podmiotom. W szczeg\u00f3lno\u015bci Pa\u0144stwa dane nie s\u0105 przesy\u0142ane poza granice Europejskiego Obszaru Gospodarczego ani nie s\u0105 przekazywane organizacjom mi\u0119dzynarodowym.<\/li>\r\n<li>Na stronach internetowych, korzystamy z narz\u0119dzi Google Analytics, Facebook, szczeg\u00f3\u0142owe informacje i spos\u00f3b zbierania danych znajduj\u0105 si\u0119 w osobnym dokumencie Polityka Cookies. Dane s\u0105 tylko potrzebne do statystyk. wydania informacji zawartych w logach dost\u0119powych, w tym w szczeg\u00f3lno\u015bci adres\u00f3w IP komputera, na \u017c\u0105danie uprawnionych na podstawie prawa organ\u00f3w pa\u0144stwa na potrzeby prowadzonych przez nie post\u0119powa\u0144.<\/li>\r\n<\/ol>\r\n<p>Dane osobowe Klient\u00f3w s\u0105 zbierane w przypadku:<\/p>\r\n<ol>\r\n<li>a) rejestracji konta w Sklepie Internetowym, w celu utworzenia indywidualnego konta i zarz\u0105dzania tym kontem. Podstawa prawna: niezb\u0119dno\u015b\u0107 do wykonania umowy o \u015bwiadczenie us\u0142ugi Konta (art. 6 ust. 1 lit. b RODO);<\/li>\r\n<li>b) sk\u0142adania zam\u00f3wienia w Sklepie Internetowym, w celu wykonania umowy sprzeda\u017cy. Podstawa prawna: niezb\u0119dno\u015b\u0107 do wykonania umowy sprzeda\u017cy (art. 6 ust. 1 lit. b RODO);<\/li>\r\n<li>c) korzystania z us\u0142ugi formularza kontaktowego w Sklepie Internetowym w celu wykonania umowy \u015bwiadczonej drog\u0105 elektroniczn\u0105. Podstawa prawna: niezb\u0119dno\u015b\u0107 do wykonania umowy o \u015bwiadczenie us\u0142ugi formularza kontaktowego (art. 6 ust. 1 lit. b RODO).<\/li>\r\n<li>\u00a0\u00a0\u00a0\u00a0\u00a0\u00a0\u00a0\u00a0 W przypadku sk\u0142adania zam\u00f3wienia w Sklepie Internetowym, Klient podaje nast\u0119puj\u0105ce dane:<\/li>\r\n<li>a) adres e-mail;<\/li>\r\n<li>b) dane adresowe:<\/li>\r\n<li>kod pocztowy i miejscowo\u015b\u0107;<\/li>\r\n<li>ulica wraz z numerem domu\/mieszkania.<\/li>\r\n<li>c) imi\u0119 i nazwisko;<\/li>\r\n<li>d) numer telefonu.<\/li>\r\n<\/ol>\r\n<ul>\r\n<li><strong>3. PRZECHOWYWANIE I USUWANIE DANYCH<\/strong><\/li>\r\n<\/ul>\r\n<ol>\r\n<li>Staramy si\u0119 maksymalnie ogranicza\u0107 okres przechowywania danych osobowych, kt\u00f3re nie s\u0105 ju\u017c wykorzystywane. Informujemy jednak, \u017ce sytuacja taka mo\u017ce mie\u0107 miejsce z przyczyn operacyjnych oraz technologicznych. Mamy przez to na my\u015bli czas potrzebny na podj\u0119cie decyzji o tym, czy dalszy kontakt jest wskazany jak r\u00f3wnie\u017c czas potrzebny na usuni\u0119cie danych z kopii bezpiecze\u0144stwa.<\/li>\r\n<li>Pa\u0144stwa dane przetwarzane do celu obs\u0142ugi zapytania ofertowego b\u0119d\u0105 si\u0119 u nas procesowane przez okres trwania korespondencji, a nast\u0119pnie, w zale\u017cno\u015bci od tego, jakie b\u0119d\u0105 jej rezultaty, albo zasil\u0105 baz\u0119 naszych klient\u00f3w i b\u0119d\u0105 dalej przetwarzane w celu realizacji umowy, albo zostan\u0105 usuni\u0119te je\u017celi nie zaistnieje mo\u017cliwo\u015b\u0107 nawi\u0105zania wsp\u00f3\u0142pracy.<\/li>\r\n<li>W przypadku czytelnego dla nas zamkni\u0119cia rozm\u00f3w z Pa\u0144stwa strony, dane zostan\u0105 usuni\u0119te niezw\u0142ocznie z roboczych baz systemowych, a z kopii bezpiecze\u0144stwa przed up\u0142ywem trzydziestu dni.\r\n<ol>\r\n<li>W przypadku braku odpowiedzi i niejasnej sytuacji, dane b\u0119d\u0105 przechowywane przez okres 6 miesi\u0119cy od daty nadania ostatniej wiadomo\u015bci.<\/li>\r\n<li>adres e-mail,<\/li>\r\n<li>numer telefonu,<\/li>\r\n<li>ewentualne inne dane podane przez Pa\u0144stwa w tre\u015bci zapytania przes\u0142anego za pomoc\u0105 formularza kontaktowego, formularza zapisu na Forum, formularza zapisu na pielgrzymki i rekolekcje.<\/li>\r\n<\/ol>\r\n<\/li>\r\n<\/ol>\r\n<ul>\r\n<li><strong>4. PRAWO DO COFNI\u0118CIA ZGODY, PRAWO KONTROLI, DOST\u0118PU DO TRE\u015aCI SWOICH DANYCH ORAZ ICH POPRAWIANIA, PRAWO DO PRZENIESIENIA DANYCH, PRAWO DO WNIESIENIA SPRZECIWU WOBEC DALSZEGO PRZETWARZANIA ORAZ PRAWO DO WNIESIENIA SKARGI DO ORGANU NADZORCZEGO<\/strong><\/li>\r\n<\/ul>\r\n<ol>\r\n<li>Zawiadamiamy, \u017ce przetwarzamy Pa\u0144stwa dane w celach marketingowych na podstawie Pa\u0144stwa dobrowolnej zgody. Zawiadamiamy, \u017ce zgoda ta mo\u017ce zosta\u0107 cofni\u0119ta w dowolnym momencie. Sugerujemy w tym celu przes\u0142a\u0107 nam wiadomo\u015b\u0107 z tego samego adresu e-mail. Wy\u0142\u0105czn\u0105 konsekwencj\u0105 cofni\u0119cia zgody b\u0119dzie fakt, \u017ce nie b\u0119dziecie Pa\u0144stwo mogli d\u0142u\u017cej otrzymywa\u0107 od nas informacji o naszej ofercie i innych tre\u015bci marketingowych. Zawiadamiamy r\u00f3wnie\u017c, \u017ce cofni\u0119cie zgody nie wp\u0142ywa na legalno\u015b\u0107 przetwarzania przez nas danych, kt\u00f3re dokona\u0142o si\u0119 przed tym cofni\u0119ciem.<\/li>\r\n<li>Przys\u0142uguje Pa\u0144stwu prawo dost\u0119pu do tre\u015bci swoich danych osobowych oraz ich poprawiania.<\/li>\r\n<li>Je\u017celi znale\u017ali\u015bcie si\u0119 Pa\u0144stwo w szczeg\u00f3lnej sytuacji, kt\u00f3ra sprawia, \u017ce dalsze przetwarzanie przez nas Pa\u0144stwa danych zagra\u017ca Pa\u0144stwa prywatno\u015bci, mo\u017cecie zawiadomi\u0107 nas o tym fakcie i wezwa\u0107 do zaprzestania lub ograniczenia przetwarzania.<\/li>\r\n<li>Przys\u0142uguje Pa\u0144stwu r\u00f3wnie\u017c prawo do wezwania nas, aby\u015bmy przes\u0142ali Pa\u0144stwa dane innemu podmiotowi w postaci, kt\u00f3r\u0105 odbiorca b\u0119dzie m\u00f3g\u0142 swobodnie przetwarza\u0107. Zawiadamiamy, \u017ce prawo to dotyczy tylko tych danych, kt\u00f3re od Pa\u0144stwa otrzymali\u015bmy. Zwa\u017cywszy na fakt, \u017ce wy\u0142\u0105czne dane na Pa\u0144stwa temat przetwarzane s\u0105 w postaci tekstowej, przeniesienie danych sprowadzi si\u0119 do wygenerowania przez nas dokument\u00f3w tekstowych w formacie docx zawieraj\u0105cych histori\u0119 Pa\u0144stwa zapyta\u0144. Dokumenty te nie b\u0119d\u0105 zawiera\u0142y naszych odpowiedzi, a wi\u0119c w szczeg\u00f3lno\u015bci naszych porad lub innego rodzaju wiedzy eksperckiej poniewa\u017c nie jest ona przedmiotem Pa\u0144stwa uprawnienia (nie podlega przeniesieniu).\r\n<ol>\r\n<li>Wszystkie powy\u017csze sprawy prosimy kierowa\u0107 do naszego ABI \/ IOD na adres sekretariat@odnowa.de.<\/li>\r\n<li>Zawiadamiamy, \u017ce przys\u0142uguje Pa\u0144stwu r\u00f3wnie\u017c prawo do wniesienia skargi do organu nadzorczego. Obecnie jest nim Generalny Inspektor Ochrony Danych Osobowych. Przepisy krajowe, kt\u00f3rych wej\u015bcie w \u017cycie jest wymuszone zmian\u0105 prawa na poziomie europejskim (RODO) okre\u015bl\u0105 szczeg\u00f3\u0142owo, kto b\u0119dzie prawnym nast\u0119pc\u0105 GIODO. Prawdopodobnie b\u0119dzie to Prezes Urz\u0119du Ochrony Danych, a nowy urz\u0105d powstanie 25 maja 2018 roku.<\/li>\r\n<\/ol>\r\n<\/li>\r\n<\/ol>","protected":false},"excerpt":{"rendered":"<p>POLITYKA PRYWATNO\u015aCI \u2013 Stowarzyszenie dla Wspierania Odnowy w Duchu \u015awi\u0119tym  [&#8230;]<\/p>\n","protected":false},"author":1,"featured_media":0,"parent":0,"menu_order":0,"comment_status":"closed","ping_status":"open","template":"","meta":{"footnotes":""},"class_list":["post-3","page","type-page","status-publish","hentry"],"_links":{"self":[{"href":"https:\/\/polska-odnowa.com.pl\/index.php?rest_route=\/wp\/v2\/pages\/3","targetHints":{"allow":["GET"]}}],"collection":[{"href":"https:\/\/polska-odnowa.com.pl\/index.php?rest_route=\/wp\/v2\/pages"}],"about":[{"href":"https:\/\/polska-odnowa.com.pl\/index.php?rest_route=\/wp\/v2\/types\/page"}],"author":[{"embeddable":true,"href":"https:\/\/polska-odnowa.com.pl\/index.php?rest_route=\/wp\/v2\/users\/1"}],"replies":[{"embeddable":true,"href":"https:\/\/polska-odnowa.com.pl\/index.php?rest_route=%2Fwp%2Fv2%2Fcomments&post=3"}],"version-history":[{"count":2,"href":"https:\/\/polska-odnowa.com.pl\/index.php?rest_route=\/wp\/v2\/pages\/3\/revisions"}],"predecessor-version":[{"id":1701,"href":"https:\/\/polska-odnowa.com.pl\/index.php?rest_route=\/wp\/v2\/pages\/3\/revisions\/1701"}],"wp:attachment":[{"href":"https:\/\/polska-odnowa.com.pl\/index.php?rest_route=%2Fwp%2Fv2%2Fmedia&parent=3"}],"curies":[{"name":"wp","href":"https:\/\/api.w.org\/{rel}","templated":true}]}}